{"id":189,"date":"2025-10-26T04:50:33","date_gmt":"2025-10-26T04:50:33","guid":{"rendered":"https:\/\/mundodigitalhd.shop\/product\/bohemian-rhapsody-attire\/"},"modified":"2025-11-01T05:11:20","modified_gmt":"2025-11-01T05:11:20","slug":"invitaciones","status":"publish","type":"product","link":"https:\/\/mundodigitalhd.shop\/?product=invitaciones","title":{"rendered":"INVITACIONES"},"content":{"rendered":"<h2>Por Qu\u00e9 Elegir Nuestras Invitaciones<\/h2>\n<p>Nuestras invitaciones sencillas para fiestas te permiten comunicar detalles importantes de manera efectiva y con estilo. Con dise\u00f1os personalizables, materiales de calidad y formatos que se ajustan a tus preferencias modernas, son la mejor opci\u00f3n para quienes buscan simplicidad y elegancia en toda ocasi\u00f3n. Causa una excelente impresi\u00f3n desde el primer momento y haz que tus invitados se sientan entusiasmados de ser parte de tu celebraci\u00f3n.<\/p>\n<p>&nbsp;<\/p>\n","protected":false},"excerpt":{"rendered":"<p>Por Qu\u00e9 Elegir Nuestras Invitaciones Nuestras invitaciones sencillas para fiestas te permiten comunicar detalles importantes de manera efectiva y con [&hellip;]<\/p>\n","protected":false},"featured_media":3905,"comment_status":"open","ping_status":"closed","template":"","meta":{"_uag_custom_page_level_css":"","site-sidebar-layout":"default","site-content-layout":"","ast-site-content-layout":"default","site-content-style":"default","site-sidebar-style":"default","ast-global-header-display":"","ast-banner-title-visibility":"","ast-main-header-display":"","ast-hfb-above-header-display":"","ast-hfb-below-header-display":"","ast-hfb-mobile-header-display":"","site-post-title":"","ast-breadcrumbs-content":"","ast-featured-img":"","footer-sml-layout":"","ast-disable-related-posts":"","theme-transparent-header-meta":"default","adv-header-id-meta":"","stick-header-meta":"","header-above-stick-meta":"","header-main-stick-meta":"","header-below-stick-meta":"","astra-migrate-meta-layouts":"set","ast-page-background-enabled":"default","ast-page-background-meta":{"desktop":{"background-color":"var(--ast-global-color-4)","background-image":"","background-repeat":"repeat","background-position":"center center","background-size":"auto","background-attachment":"scroll","background-type":"","background-media":"","overlay-type":"","overlay-color":"","overlay-opacity":"","overlay-gradient":""},"tablet":{"background-color":"","background-image":"","background-repeat":"repeat","background-position":"center center","background-size":"auto","background-attachment":"scroll","background-type":"","background-media":"","overlay-type":"","overlay-color":"","overlay-opacity":"","overlay-gradient":""},"mobile":{"background-color":"","background-image":"","background-repeat":"repeat","background-position":"center center","background-size":"auto","background-attachment":"scroll","background-type":"","background-media":"","overlay-type":"","overlay-color":"","overlay-opacity":"","overlay-gradient":""}},"ast-content-background-meta":{"desktop":{"background-color":"var(--ast-global-color-5)","background-image":"","background-repeat":"repeat","background-position":"center center","background-size":"auto","background-attachment":"scroll","background-type":"","background-media":"","overlay-type":"","overlay-color":"","overlay-opacity":"","overlay-gradient":""},"tablet":{"background-color":"var(--ast-global-color-5)","background-image":"","background-repeat":"repeat","background-position":"center center","background-size":"auto","background-attachment":"scroll","background-type":"","background-media":"","overlay-type":"","overlay-color":"","overlay-opacity":"","overlay-gradient":""},"mobile":{"background-color":"var(--ast-global-color-5)","background-image":"","background-repeat":"repeat","background-position":"center center","background-size":"auto","background-attachment":"scroll","background-type":"","background-media":"","overlay-type":"","overlay-color":"","overlay-opacity":"","overlay-gradient":""}},"ngg_post_thumbnail":0},"product_brand":[],"product_cat":[46],"product_tag":[],"class_list":{"0":"post-189","1":"product","2":"type-product","3":"status-publish","4":"has-post-thumbnail","6":"product_cat-invitaciones","7":"desktop-align-center","8":"tablet-align-center","9":"mobile-align-center","11":"first","12":"instock","13":"featured","14":"shipping-taxable","15":"purchasable","16":"product-type-simple"},"aioseo_notices":[],"uagb_featured_image_src":{"full":["https:\/\/mundodigitalhd.shop\/wp-content\/uploads\/2025\/10\/Invitacion-2.webp",1135,1600,false],"thumbnail":["https:\/\/mundodigitalhd.shop\/wp-content\/uploads\/2025\/10\/Invitacion-2-150x150.webp",150,150,true],"medium":["https:\/\/mundodigitalhd.shop\/wp-content\/uploads\/2025\/10\/Invitacion-2-213x300.webp",213,300,true],"medium_large":["https:\/\/mundodigitalhd.shop\/wp-content\/uploads\/2025\/10\/Invitacion-2-768x1083.webp",768,1083,true],"large":["https:\/\/mundodigitalhd.shop\/wp-content\/uploads\/2025\/10\/Invitacion-2-726x1024.webp",726,1024,true],"1536x1536":["https:\/\/mundodigitalhd.shop\/wp-content\/uploads\/2025\/10\/Invitacion-2-1090x1536.webp",1090,1536,true],"2048x2048":["https:\/\/mundodigitalhd.shop\/wp-content\/uploads\/2025\/10\/Invitacion-2.webp",1135,1600,false],"woocommerce_thumbnail":["https:\/\/mundodigitalhd.shop\/wp-content\/uploads\/2025\/10\/Invitacion-2-300x300.webp",300,300,true],"woocommerce_single":["https:\/\/mundodigitalhd.shop\/wp-content\/uploads\/2025\/10\/Invitacion-2-600x846.webp",600,846,true],"woocommerce_gallery_thumbnail":["https:\/\/mundodigitalhd.shop\/wp-content\/uploads\/2025\/10\/Invitacion-2-100x100.webp",100,100,true]},"uagb_author_info":{"display_name":"amonsivais69@gmail.com","author_link":"https:\/\/mundodigitalhd.shop\/?author=0"},"uagb_comment_info":0,"uagb_excerpt":"Por Qu\u00e9 Elegir Nuestras Invitaciones Nuestras invitaciones sencillas para fiestas te permiten comunicar detalles importantes de manera efectiva y con [&hellip;]","_links":{"self":[{"href":"https:\/\/mundodigitalhd.shop\/index.php?rest_route=\/wp\/v2\/product\/189","targetHints":{"allow":["GET"]}}],"collection":[{"href":"https:\/\/mundodigitalhd.shop\/index.php?rest_route=\/wp\/v2\/product"}],"about":[{"href":"https:\/\/mundodigitalhd.shop\/index.php?rest_route=\/wp\/v2\/types\/product"}],"replies":[{"embeddable":true,"href":"https:\/\/mundodigitalhd.shop\/index.php?rest_route=%2Fwp%2Fv2%2Fcomments&post=189"}],"wp:featuredmedia":[{"embeddable":true,"href":"https:\/\/mundodigitalhd.shop\/index.php?rest_route=\/wp\/v2\/media\/3905"}],"wp:attachment":[{"href":"https:\/\/mundodigitalhd.shop\/index.php?rest_route=%2Fwp%2Fv2%2Fmedia&parent=189"}],"wp:term":[{"taxonomy":"product_brand","embeddable":true,"href":"https:\/\/mundodigitalhd.shop\/index.php?rest_route=%2Fwp%2Fv2%2Fproduct_brand&post=189"},{"taxonomy":"product_cat","embeddable":true,"href":"https:\/\/mundodigitalhd.shop\/index.php?rest_route=%2Fwp%2Fv2%2Fproduct_cat&post=189"},{"taxonomy":"product_tag","embeddable":true,"href":"https:\/\/mundodigitalhd.shop\/index.php?rest_route=%2Fwp%2Fv2%2Fproduct_tag&post=189"}],"curies":[{"name":"wp","href":"https:\/\/api.w.org\/{rel}","templated":true}]}}